{"id":28,"date":"2020-03-01T15:20:18","date_gmt":"2020-03-01T14:20:18","guid":{"rendered":"http:\/\/laurencedanflous.com\/?page_id=28"},"modified":"2022-03-27T15:26:16","modified_gmt":"2022-03-27T13:26:16","slug":"contact","status":"publish","type":"page","link":"https:\/\/laurencedanflous.com\/index.php\/contact\/","title":{"rendered":"Contact"},"content":{"rendered":"\n<figure class=\"wp-block-image size-large\"><img loading=\"lazy\" decoding=\"async\" width=\"1024\" height=\"683\" src=\"http:\/\/laurencedanflous.com\/wp-content\/uploads\/2021\/11\/LAURENCE-1-1024x683.jpg\" alt=\"\" class=\"wp-image-705\" srcset=\"https:\/\/laurencedanflous.com\/wp-content\/uploads\/2021\/11\/LAURENCE-1-1024x683.jpg 1024w, https:\/\/laurencedanflous.com\/wp-content\/uploads\/2021\/11\/LAURENCE-1-300x200.jpg 300w, https:\/\/laurencedanflous.com\/wp-content\/uploads\/2021\/11\/LAURENCE-1-768x512.jpg 768w, https:\/\/laurencedanflous.com\/wp-content\/uploads\/2021\/11\/LAURENCE-1-1536x1024.jpg 1536w, https:\/\/laurencedanflous.com\/wp-content\/uploads\/2021\/11\/LAURENCE-1-2048x1365.jpg 2048w, https:\/\/laurencedanflous.com\/wp-content\/uploads\/2021\/11\/LAURENCE-1-1200x800.jpg 1200w, https:\/\/laurencedanflous.com\/wp-content\/uploads\/2021\/11\/LAURENCE-1-1980x1320.jpg 1980w, https:\/\/laurencedanflous.com\/wp-content\/uploads\/2021\/11\/LAURENCE-1-600x400.jpg 600w\" sizes=\"auto, (max-width: 1024px) 100vw, 1024px\" \/><\/figure>\n\n\n\n<p>Je vis entre Paris et le Var \u00e0 La Garde-Freinet. N&rsquo;h\u00e9sitez pas \u00e0 me contacter pour tout renseignement, je vous r\u00e9pondrai le plus rapidement possible.<\/p>\n\n\n\n<figure class=\"wp-block-image size-large\"><a href=\"http:\/\/laurencedanflous.com\/wp-content\/uploads\/2022\/03\/CV-Laurence-scaled.jpg\"><img loading=\"lazy\" decoding=\"async\" width=\"724\" height=\"1024\" src=\"http:\/\/laurencedanflous.com\/wp-content\/uploads\/2022\/03\/CV-Laurence-724x1024.jpg\" alt=\"\" class=\"wp-image-938\" srcset=\"https:\/\/laurencedanflous.com\/wp-content\/uploads\/2022\/03\/CV-Laurence-724x1024.jpg 724w, https:\/\/laurencedanflous.com\/wp-content\/uploads\/2022\/03\/CV-Laurence-212x300.jpg 212w, https:\/\/laurencedanflous.com\/wp-content\/uploads\/2022\/03\/CV-Laurence-768x1086.jpg 768w, https:\/\/laurencedanflous.com\/wp-content\/uploads\/2022\/03\/CV-Laurence-1086x1536.jpg 1086w, https:\/\/laurencedanflous.com\/wp-content\/uploads\/2022\/03\/CV-Laurence-1448x2048.jpg 1448w, https:\/\/laurencedanflous.com\/wp-content\/uploads\/2022\/03\/CV-Laurence-1200x1697.jpg 1200w, https:\/\/laurencedanflous.com\/wp-content\/uploads\/2022\/03\/CV-Laurence-1980x2800.jpg 1980w, https:\/\/laurencedanflous.com\/wp-content\/uploads\/2022\/03\/CV-Laurence-600x849.jpg 600w, https:\/\/laurencedanflous.com\/wp-content\/uploads\/2022\/03\/CV-Laurence-scaled.jpg 1810w\" sizes=\"auto, (max-width: 724px) 100vw, 724px\" \/><\/a><\/figure>\n\n\n\n<figure class=\"wp-block-image size-full is-resized\"><img loading=\"lazy\" decoding=\"async\" src=\"http:\/\/laurencedanflous.com\/wp-content\/uploads\/2021\/11\/Logo-Mobile.png\" alt=\"\" class=\"wp-image-911\" width=\"37\" height=\"64\" srcset=\"https:\/\/laurencedanflous.com\/wp-content\/uploads\/2021\/11\/Logo-Mobile.png 211w, https:\/\/laurencedanflous.com\/wp-content\/uploads\/2021\/11\/Logo-Mobile-172x300.png 172w\" sizes=\"auto, (max-width: 37px) 100vw, 37px\" \/><figcaption>+33.6.27.50.64.83<\/figcaption><\/figure>\n\n\n\n<figure class=\"wp-block-image size-full is-resized\"><img loading=\"lazy\" decoding=\"async\" src=\"http:\/\/laurencedanflous.com\/wp-content\/uploads\/2021\/11\/image-1.png\" alt=\"\" class=\"wp-image-905\" width=\"39\" height=\"39\" srcset=\"https:\/\/laurencedanflous.com\/wp-content\/uploads\/2021\/11\/image-1.png 634w, https:\/\/laurencedanflous.com\/wp-content\/uploads\/2021\/11\/image-1-300x300.png 300w, https:\/\/laurencedanflous.com\/wp-content\/uploads\/2021\/11\/image-1-150x150.png 150w, https:\/\/laurencedanflous.com\/wp-content\/uploads\/2021\/11\/image-1-450x450.png 450w, https:\/\/laurencedanflous.com\/wp-content\/uploads\/2021\/11\/image-1-600x600.png 600w, https:\/\/laurencedanflous.com\/wp-content\/uploads\/2021\/11\/image-1-100x100.png 100w\" sizes=\"auto, (max-width: 39px) 100vw, 39px\" \/><figcaption> laurence.danflous@gmail.com <\/figcaption><\/figure>\n\n\n\n<figure class=\"wp-block-image size-full is-resized\"><img loading=\"lazy\" decoding=\"async\" src=\"http:\/\/laurencedanflous.com\/wp-content\/uploads\/2021\/11\/image.png\" alt=\"\" class=\"wp-image-904\" width=\"158\" height=\"48\"\/><figcaption> laur.danflous<\/figcaption><\/figure>\n\n\n\n<p><\/p>\n","protected":false},"excerpt":{"rendered":"<p>Je vis entre Paris et le Var \u00e0 La Garde-Freinet. N&rsquo;h\u00e9sitez pas \u00e0 me contacter pour tout renseignement, je vous r\u00e9pondrai le plus rapidement possible.<\/p>\n","protected":false},"author":1,"featured_media":0,"parent":0,"menu_order":0,"comment_status":"closed","ping_status":"closed","template":"","meta":{"footnotes":""},"class_list":["post-28","page","type-page","status-publish","hentry"],"_links":{"self":[{"href":"https:\/\/laurencedanflous.com\/index.php\/wp-json\/wp\/v2\/pages\/28","targetHints":{"allow":["GET"]}}],"collection":[{"href":"https:\/\/laurencedanflous.com\/index.php\/wp-json\/wp\/v2\/pages"}],"about":[{"href":"https:\/\/laurencedanflous.com\/index.php\/wp-json\/wp\/v2\/types\/page"}],"author":[{"embeddable":true,"href":"https:\/\/laurencedanflous.com\/index.php\/wp-json\/wp\/v2\/users\/1"}],"replies":[{"embeddable":true,"href":"https:\/\/laurencedanflous.com\/index.php\/wp-json\/wp\/v2\/comments?post=28"}],"version-history":[{"count":6,"href":"https:\/\/laurencedanflous.com\/index.php\/wp-json\/wp\/v2\/pages\/28\/revisions"}],"predecessor-version":[{"id":939,"href":"https:\/\/laurencedanflous.com\/index.php\/wp-json\/wp\/v2\/pages\/28\/revisions\/939"}],"wp:attachment":[{"href":"https:\/\/laurencedanflous.com\/index.php\/wp-json\/wp\/v2\/media?parent=28"}],"curies":[{"name":"wp","href":"https:\/\/api.w.org\/{rel}","templated":true}]}}